{"id":1886,"date":"2025-11-17T16:29:31","date_gmt":"2025-11-17T09:29:31","guid":{"rendered":"https:\/\/bomcongnghieptaiphuoc.com\/product\/bom-trung-chuyen-model-utebara\/"},"modified":"2025-11-25T09:49:31","modified_gmt":"2025-11-25T02:49:31","slug":"bom-trung-chuyen-model-utebara","status":"publish","type":"product","link":"https:\/\/bomcongnghieptaiphuoc.com\/en\/product\/bom-trung-chuyen-model-utebara\/","title":{"rendered":"B\u01a1m trung chuy\u1ec3n &#8211; Model: UT(EBARA)"},"content":{"rendered":"","protected":false},"excerpt":{"rendered":"","protected":false},"featured_media":1890,"comment_status":"open","ping_status":"closed","template":"","meta":{"_acf_changed":false},"product_brand":[],"product_cat":[124],"product_tag":[],"class_list":{"0":"post-1886","1":"product","2":"type-product","3":"status-publish","4":"has-post-thumbnail","6":"product_cat-ebara","8":"first","9":"instock","10":"shipping-taxable","11":"product-type-simple"},"acf":[],"yoast_head":"<!-- This site is optimized with the Yoast SEO plugin v26.8 - https:\/\/yoast.com\/product\/yoast-seo-wordpress\/ -->\n<title>B\u01a1m trung chuy\u1ec3n - Model: UT(EBARA) - T\u00e0i Ph\u01b0\u1edbc Pumps<\/title>\n<meta name=\"description\" content=\"M\u00e1y b\u01a1m EBARA d\u00f2ng UT \u0111\u01b0\u1ee3c thi\u1ebft k\u1ebf cho c\u00e1c \u1ee9ng d\u1ee5ng d\u00e2n d\u1ee5ng, th\u01b0\u01a1ng m\u1ea1i v\u00e0 c\u00f4ng nghi\u1ec7p. Nh\u1edd c\u1ea5u tr\u00fac b\u1ec1n b\u1ec9 v\u00e0 hi\u1ec7u su\u1ea5t cao, ch\u00fang l\u00fd t\u01b0\u1edfng \u0111\u1ec3 v\u1eadn chuy\u1ec3n n\u01b0\u1edbc s\u1ea1ch v\u00e0 ch\u1ea5t l\u1ecfng kh\u00f4ng \u0103n m\u00f2n.\" \/>\n<meta name=\"robots\" content=\"index, follow, max-snippet:-1, max-image-preview:large, max-video-preview:-1\" \/>\n<link rel=\"canonical\" href=\"https:\/\/bomcongnghieptaiphuoc.com\/en\/product\/bom-trung-chuyen-model-utebara\/\" \/>\n<meta property=\"og:locale\" content=\"en_US\" \/>\n<meta property=\"og:type\" content=\"article\" \/>\n<meta property=\"og:title\" content=\"B\u01a1m trung chuy\u1ec3n - Model: UT(EBARA) - T\u00e0i Ph\u01b0\u1edbc Pumps\" \/>\n<meta property=\"og:description\" content=\"M\u00e1y b\u01a1m EBARA d\u00f2ng UT \u0111\u01b0\u1ee3c thi\u1ebft k\u1ebf cho c\u00e1c \u1ee9ng d\u1ee5ng d\u00e2n d\u1ee5ng, th\u01b0\u01a1ng m\u1ea1i v\u00e0 c\u00f4ng nghi\u1ec7p. Nh\u1edd c\u1ea5u tr\u00fac b\u1ec1n b\u1ec9 v\u00e0 hi\u1ec7u su\u1ea5t cao, ch\u00fang l\u00fd t\u01b0\u1edfng \u0111\u1ec3 v\u1eadn chuy\u1ec3n n\u01b0\u1edbc s\u1ea1ch v\u00e0 ch\u1ea5t l\u1ecfng kh\u00f4ng \u0103n m\u00f2n.\" \/>\n<meta property=\"og:url\" content=\"https:\/\/bomcongnghieptaiphuoc.com\/en\/product\/bom-trung-chuyen-model-utebara\/\" \/>\n<meta property=\"og:site_name\" content=\"T\u00e0i Ph\u01b0\u1edbc Pumps\" \/>\n<meta property=\"article:modified_time\" content=\"2025-11-25T02:49:31+00:00\" \/>\n<meta property=\"og:image\" content=\"https:\/\/bomcongnghieptaiphuoc.com\/wp-content\/uploads\/2025\/11\/Cum-bom-trung-chuyen.png\" \/>\n\t<meta property=\"og:image:width\" content=\"418\" \/>\n\t<meta property=\"og:image:height\" content=\"605\" \/>\n\t<meta property=\"og:image:type\" content=\"image\/png\" \/>\n<meta name=\"twitter:card\" content=\"summary_large_image\" \/>\n<script type=\"application\/ld+json\" class=\"yoast-schema-graph\">{\"@context\":\"https:\/\/schema.org\",\"@graph\":[{\"@type\":\"WebPage\",\"@id\":\"https:\/\/bomcongnghieptaiphuoc.com\/en\/product\/bom-trung-chuyen-model-utebara\/\",\"url\":\"https:\/\/bomcongnghieptaiphuoc.com\/en\/product\/bom-trung-chuyen-model-utebara\/\",\"name\":\"B\u01a1m trung chuy\u1ec3n - Model: UT(EBARA) - T\u00e0i Ph\u01b0\u1edbc Pumps\",\"isPartOf\":{\"@id\":\"https:\/\/bomcongnghieptaiphuoc.com\/en\/#website\"},\"primaryImageOfPage\":{\"@id\":\"https:\/\/bomcongnghieptaiphuoc.com\/en\/product\/bom-trung-chuyen-model-utebara\/#primaryimage\"},\"image\":{\"@id\":\"https:\/\/bomcongnghieptaiphuoc.com\/en\/product\/bom-trung-chuyen-model-utebara\/#primaryimage\"},\"thumbnailUrl\":\"https:\/\/bomcongnghieptaiphuoc.com\/wp-content\/uploads\/2025\/11\/Cum-bom-trung-chuyen-e1776771188585.png\",\"datePublished\":\"2025-11-17T09:29:31+00:00\",\"dateModified\":\"2025-11-25T02:49:31+00:00\",\"description\":\"M\u00e1y b\u01a1m EBARA d\u00f2ng UT \u0111\u01b0\u1ee3c thi\u1ebft k\u1ebf cho c\u00e1c \u1ee9ng d\u1ee5ng d\u00e2n d\u1ee5ng, th\u01b0\u01a1ng m\u1ea1i v\u00e0 c\u00f4ng nghi\u1ec7p. Nh\u1edd c\u1ea5u tr\u00fac b\u1ec1n b\u1ec9 v\u00e0 hi\u1ec7u su\u1ea5t cao, ch\u00fang l\u00fd t\u01b0\u1edfng \u0111\u1ec3 v\u1eadn chuy\u1ec3n n\u01b0\u1edbc s\u1ea1ch v\u00e0 ch\u1ea5t l\u1ecfng kh\u00f4ng \u0103n m\u00f2n.\",\"breadcrumb\":{\"@id\":\"https:\/\/bomcongnghieptaiphuoc.com\/en\/product\/bom-trung-chuyen-model-utebara\/#breadcrumb\"},\"inLanguage\":\"en-US\",\"potentialAction\":[{\"@type\":\"ReadAction\",\"target\":[\"https:\/\/bomcongnghieptaiphuoc.com\/en\/product\/bom-trung-chuyen-model-utebara\/\"]}]},{\"@type\":\"ImageObject\",\"inLanguage\":\"en-US\",\"@id\":\"https:\/\/bomcongnghieptaiphuoc.com\/en\/product\/bom-trung-chuyen-model-utebara\/#primaryimage\",\"url\":\"https:\/\/bomcongnghieptaiphuoc.com\/wp-content\/uploads\/2025\/11\/Cum-bom-trung-chuyen-e1776771188585.png\",\"contentUrl\":\"https:\/\/bomcongnghieptaiphuoc.com\/wp-content\/uploads\/2025\/11\/Cum-bom-trung-chuyen-e1776771188585.png\",\"width\":418,\"height\":605},{\"@type\":\"BreadcrumbList\",\"@id\":\"https:\/\/bomcongnghieptaiphuoc.com\/en\/product\/bom-trung-chuyen-model-utebara\/#breadcrumb\",\"itemListElement\":[{\"@type\":\"ListItem\",\"position\":1,\"name\":\"Trang ch\u1ee7\",\"item\":\"https:\/\/bomcongnghieptaiphuoc.com\/en\/\"},{\"@type\":\"ListItem\",\"position\":2,\"name\":\"Shop\",\"item\":\"https:\/\/bomcongnghieptaiphuoc.com\/shop\/\"},{\"@type\":\"ListItem\",\"position\":3,\"name\":\"B\u01a1m trung chuy\u1ec3n &#8211; Model: UT(EBARA)\"}]},{\"@type\":\"WebSite\",\"@id\":\"https:\/\/bomcongnghieptaiphuoc.com\/en\/#website\",\"url\":\"https:\/\/bomcongnghieptaiphuoc.com\/en\/\",\"name\":\"T\u00e0i Ph\u01b0\u1edbc Pumps\",\"description\":\"\",\"potentialAction\":[{\"@type\":\"SearchAction\",\"target\":{\"@type\":\"EntryPoint\",\"urlTemplate\":\"https:\/\/bomcongnghieptaiphuoc.com\/en\/?s={search_term_string}\"},\"query-input\":{\"@type\":\"PropertyValueSpecification\",\"valueRequired\":true,\"valueName\":\"search_term_string\"}}],\"inLanguage\":\"en-US\"}]}<\/script>\n<!-- \/ Yoast SEO plugin. -->","yoast_head_json":{"title":"B\u01a1m trung chuy\u1ec3n - Model: UT(EBARA) - T\u00e0i Ph\u01b0\u1edbc Pumps","description":"M\u00e1y b\u01a1m EBARA d\u00f2ng UT \u0111\u01b0\u1ee3c thi\u1ebft k\u1ebf cho c\u00e1c \u1ee9ng d\u1ee5ng d\u00e2n d\u1ee5ng, th\u01b0\u01a1ng m\u1ea1i v\u00e0 c\u00f4ng nghi\u1ec7p. Nh\u1edd c\u1ea5u tr\u00fac b\u1ec1n b\u1ec9 v\u00e0 hi\u1ec7u su\u1ea5t cao, ch\u00fang l\u00fd t\u01b0\u1edfng \u0111\u1ec3 v\u1eadn chuy\u1ec3n n\u01b0\u1edbc s\u1ea1ch v\u00e0 ch\u1ea5t l\u1ecfng kh\u00f4ng \u0103n m\u00f2n.","robots":{"index":"index","follow":"follow","max-snippet":"max-snippet:-1","max-image-preview":"max-image-preview:large","max-video-preview":"max-video-preview:-1"},"canonical":"https:\/\/bomcongnghieptaiphuoc.com\/en\/product\/bom-trung-chuyen-model-utebara\/","og_locale":"en_US","og_type":"article","og_title":"B\u01a1m trung chuy\u1ec3n - Model: UT(EBARA) - T\u00e0i Ph\u01b0\u1edbc Pumps","og_description":"M\u00e1y b\u01a1m EBARA d\u00f2ng UT \u0111\u01b0\u1ee3c thi\u1ebft k\u1ebf cho c\u00e1c \u1ee9ng d\u1ee5ng d\u00e2n d\u1ee5ng, th\u01b0\u01a1ng m\u1ea1i v\u00e0 c\u00f4ng nghi\u1ec7p. Nh\u1edd c\u1ea5u tr\u00fac b\u1ec1n b\u1ec9 v\u00e0 hi\u1ec7u su\u1ea5t cao, ch\u00fang l\u00fd t\u01b0\u1edfng \u0111\u1ec3 v\u1eadn chuy\u1ec3n n\u01b0\u1edbc s\u1ea1ch v\u00e0 ch\u1ea5t l\u1ecfng kh\u00f4ng \u0103n m\u00f2n.","og_url":"https:\/\/bomcongnghieptaiphuoc.com\/en\/product\/bom-trung-chuyen-model-utebara\/","og_site_name":"T\u00e0i Ph\u01b0\u1edbc Pumps","article_modified_time":"2025-11-25T02:49:31+00:00","og_image":[{"width":418,"height":605,"url":"https:\/\/bomcongnghieptaiphuoc.com\/wp-content\/uploads\/2025\/11\/Cum-bom-trung-chuyen.png","type":"image\/png"}],"twitter_card":"summary_large_image","schema":{"@context":"https:\/\/schema.org","@graph":[{"@type":"WebPage","@id":"https:\/\/bomcongnghieptaiphuoc.com\/en\/product\/bom-trung-chuyen-model-utebara\/","url":"https:\/\/bomcongnghieptaiphuoc.com\/en\/product\/bom-trung-chuyen-model-utebara\/","name":"B\u01a1m trung chuy\u1ec3n - Model: UT(EBARA) - T\u00e0i Ph\u01b0\u1edbc Pumps","isPartOf":{"@id":"https:\/\/bomcongnghieptaiphuoc.com\/en\/#website"},"primaryImageOfPage":{"@id":"https:\/\/bomcongnghieptaiphuoc.com\/en\/product\/bom-trung-chuyen-model-utebara\/#primaryimage"},"image":{"@id":"https:\/\/bomcongnghieptaiphuoc.com\/en\/product\/bom-trung-chuyen-model-utebara\/#primaryimage"},"thumbnailUrl":"https:\/\/bomcongnghieptaiphuoc.com\/wp-content\/uploads\/2025\/11\/Cum-bom-trung-chuyen-e1776771188585.png","datePublished":"2025-11-17T09:29:31+00:00","dateModified":"2025-11-25T02:49:31+00:00","description":"M\u00e1y b\u01a1m EBARA d\u00f2ng UT \u0111\u01b0\u1ee3c thi\u1ebft k\u1ebf cho c\u00e1c \u1ee9ng d\u1ee5ng d\u00e2n d\u1ee5ng, th\u01b0\u01a1ng m\u1ea1i v\u00e0 c\u00f4ng nghi\u1ec7p. Nh\u1edd c\u1ea5u tr\u00fac b\u1ec1n b\u1ec9 v\u00e0 hi\u1ec7u su\u1ea5t cao, ch\u00fang l\u00fd t\u01b0\u1edfng \u0111\u1ec3 v\u1eadn chuy\u1ec3n n\u01b0\u1edbc s\u1ea1ch v\u00e0 ch\u1ea5t l\u1ecfng kh\u00f4ng \u0103n m\u00f2n.","breadcrumb":{"@id":"https:\/\/bomcongnghieptaiphuoc.com\/en\/product\/bom-trung-chuyen-model-utebara\/#breadcrumb"},"inLanguage":"en-US","potentialAction":[{"@type":"ReadAction","target":["https:\/\/bomcongnghieptaiphuoc.com\/en\/product\/bom-trung-chuyen-model-utebara\/"]}]},{"@type":"ImageObject","inLanguage":"en-US","@id":"https:\/\/bomcongnghieptaiphuoc.com\/en\/product\/bom-trung-chuyen-model-utebara\/#primaryimage","url":"https:\/\/bomcongnghieptaiphuoc.com\/wp-content\/uploads\/2025\/11\/Cum-bom-trung-chuyen-e1776771188585.png","contentUrl":"https:\/\/bomcongnghieptaiphuoc.com\/wp-content\/uploads\/2025\/11\/Cum-bom-trung-chuyen-e1776771188585.png","width":418,"height":605},{"@type":"BreadcrumbList","@id":"https:\/\/bomcongnghieptaiphuoc.com\/en\/product\/bom-trung-chuyen-model-utebara\/#breadcrumb","itemListElement":[{"@type":"ListItem","position":1,"name":"Trang ch\u1ee7","item":"https:\/\/bomcongnghieptaiphuoc.com\/en\/"},{"@type":"ListItem","position":2,"name":"Shop","item":"https:\/\/bomcongnghieptaiphuoc.com\/shop\/"},{"@type":"ListItem","position":3,"name":"B\u01a1m trung chuy\u1ec3n &#8211; Model: UT(EBARA)"}]},{"@type":"WebSite","@id":"https:\/\/bomcongnghieptaiphuoc.com\/en\/#website","url":"https:\/\/bomcongnghieptaiphuoc.com\/en\/","name":"T\u00e0i Ph\u01b0\u1edbc Pumps","description":"","potentialAction":[{"@type":"SearchAction","target":{"@type":"EntryPoint","urlTemplate":"https:\/\/bomcongnghieptaiphuoc.com\/en\/?s={search_term_string}"},"query-input":{"@type":"PropertyValueSpecification","valueRequired":true,"valueName":"search_term_string"}}],"inLanguage":"en-US"}]}},"_links":{"self":[{"href":"https:\/\/bomcongnghieptaiphuoc.com\/en\/wp-json\/wp\/v2\/product\/1886","targetHints":{"allow":["GET"]}}],"collection":[{"href":"https:\/\/bomcongnghieptaiphuoc.com\/en\/wp-json\/wp\/v2\/product"}],"about":[{"href":"https:\/\/bomcongnghieptaiphuoc.com\/en\/wp-json\/wp\/v2\/types\/product"}],"replies":[{"embeddable":true,"href":"https:\/\/bomcongnghieptaiphuoc.com\/en\/wp-json\/wp\/v2\/comments?post=1886"}],"wp:featuredmedia":[{"embeddable":true,"href":"https:\/\/bomcongnghieptaiphuoc.com\/en\/wp-json\/wp\/v2\/media\/1890"}],"wp:attachment":[{"href":"https:\/\/bomcongnghieptaiphuoc.com\/en\/wp-json\/wp\/v2\/media?parent=1886"}],"wp:term":[{"taxonomy":"product_brand","embeddable":true,"href":"https:\/\/bomcongnghieptaiphuoc.com\/en\/wp-json\/wp\/v2\/product_brand?post=1886"},{"taxonomy":"product_cat","embeddable":true,"href":"https:\/\/bomcongnghieptaiphuoc.com\/en\/wp-json\/wp\/v2\/product_cat?post=1886"},{"taxonomy":"product_tag","embeddable":true,"href":"https:\/\/bomcongnghieptaiphuoc.com\/en\/wp-json\/wp\/v2\/product_tag?post=1886"}],"curies":[{"name":"wp","href":"https:\/\/api.w.org\/{rel}","templated":true}]}}